{"id":43,"date":"2021-08-30T19:45:55","date_gmt":"2021-08-30T17:45:55","guid":{"rendered":"https:\/\/tropische-genuesse.at\/?page_id=43"},"modified":"2022-05-16T14:44:02","modified_gmt":"2022-05-16T12:44:02","slug":"start-here","status":"publish","type":"page","link":"https:\/\/tropische-genuesse.at\/","title":{"rendered":"Tropische Gen\u00fcsse"},"content":{"rendered":"\n<p><\/p>\n\n\n\n<figure class=\"wp-block-image size-full\"><img loading=\"lazy\" decoding=\"async\" width=\"500\" height=\"455\" src=\"https:\/\/tropische-genuesse.at\/wp-content\/uploads\/2021\/08\/cropped-Tropical_logo_fin-removebg-preview-3.png\" alt=\"\" class=\"wp-image-18\" srcset=\"https:\/\/tropische-genuesse.at\/wp-content\/uploads\/2021\/08\/cropped-Tropical_logo_fin-removebg-preview-3.png 500w, https:\/\/tropische-genuesse.at\/wp-content\/uploads\/2021\/08\/cropped-Tropical_logo_fin-removebg-preview-3-300x273.png 300w\" sizes=\"auto, (max-width: 500px) 100vw, 500px\" \/><\/figure>\n\n\n\n<h2 class=\"wp-block-heading\">Welch ein Gl\u00fcck: Sie haben den Blog von &#8222;Tropische Gen\u00fcsse&#8220; gefunden!<\/h2>\n\n\n\n<p> Geh\u00f6ren Sie zu den Gesundheitsbegeisterten? Dann sind Sie hier genau richtig.  Denn in unregelm\u00e4\u00dfigen Abst\u00e4nden stellen wir Ihnen eine exotische Pflanze vor und wie sie mit ihren gesunden Eigenschaften f\u00fcr Ihr Wohlbefinden sorgen kann. <\/p>\n","protected":false},"excerpt":{"rendered":"<p>Welch ein Gl\u00fcck: Sie haben den Blog von &#8222;Tropische Gen\u00fcsse&#8220; gefunden! Geh\u00f6ren Sie zu den Gesundheitsbegeisterten? Dann sind Sie hier genau richtig. Denn in unregelm\u00e4\u00dfigen Abst\u00e4nden stellen wir Ihnen eine exotische Pflanze vor und wie sie mit ihren gesunden Eigenschaften f\u00fcr Ihr Wohlbefinden sorgen kann.<\/p>\n","protected":false},"author":1,"featured_media":0,"parent":0,"menu_order":0,"comment_status":"closed","ping_status":"closed","template":"","meta":{"footnotes":""},"class_list":["post-43","page","type-page","status-publish","hentry"],"_links":{"self":[{"href":"https:\/\/tropische-genuesse.at\/index.php?rest_route=\/wp\/v2\/pages\/43","targetHints":{"allow":["GET"]}}],"collection":[{"href":"https:\/\/tropische-genuesse.at\/index.php?rest_route=\/wp\/v2\/pages"}],"about":[{"href":"https:\/\/tropische-genuesse.at\/index.php?rest_route=\/wp\/v2\/types\/page"}],"author":[{"embeddable":true,"href":"https:\/\/tropische-genuesse.at\/index.php?rest_route=\/wp\/v2\/users\/1"}],"replies":[{"embeddable":true,"href":"https:\/\/tropische-genuesse.at\/index.php?rest_route=%2Fwp%2Fv2%2Fcomments&post=43"}],"version-history":[{"count":8,"href":"https:\/\/tropische-genuesse.at\/index.php?rest_route=\/wp\/v2\/pages\/43\/revisions"}],"predecessor-version":[{"id":100,"href":"https:\/\/tropische-genuesse.at\/index.php?rest_route=\/wp\/v2\/pages\/43\/revisions\/100"}],"wp:attachment":[{"href":"https:\/\/tropische-genuesse.at\/index.php?rest_route=%2Fwp%2Fv2%2Fmedia&parent=43"}],"curies":[{"name":"wp","href":"https:\/\/api.w.org\/{rel}","templated":true}]}}