{"id":2,"date":"2021-08-30T13:34:13","date_gmt":"2021-08-30T11:34:13","guid":{"rendered":"https:\/\/tropische-genuesse.at\/?page_id=2"},"modified":"2023-07-25T19:08:19","modified_gmt":"2023-07-25T17:08:19","slug":"beispiel-seite","status":"publish","type":"page","link":"https:\/\/tropische-genuesse.at\/?page_id=2","title":{"rendered":"\u00dcber uns"},"content":{"rendered":"\n<p>\u201eTropische Gen\u00fcsse\u201c ist der Name unseres Mini-Shops im S\u00fcdburgenland. Hier in den idyllischen Weinbergen des Eisenberges bieten wir auf zehn Quadratmetern Smoothies, Kaffee, Tee und Fr\u00fchst\u00fcck an. Beim Betreten des kleinen Gesch\u00e4ftes wird Ihnen auch klar, dass Sie hier <a href=\"https:\/\/amogis.at\/\" target=\"_blank\" rel=\"noreferrer noopener\">bei einer K\u00fcnstlerin<\/a> sind. Die Skulpturen und Bilder nehmen einen guten Teil de Raumes ein. Und auf der anderen Seite das handverlesene Sortiment an Kr\u00e4utern, Tees, Pulvern, alles l\u00e4dt dazu ein, die Zeit zu vergessen und in eine k\u00f6stliche Welt einzutauchen. <br>Und nicht genug, unter der sich vor dem Shop befindlichen Pergola lassen sich exotische, frisch zubereitete Smoothies aus eigener K\u00fcche genie\u00dfen, und das mit einem einzigartigen Ausblick auf das malerische Pinkatal. Herz, was willst du mehr?<\/p>\n\n\n\n<p>Geh\u00f6ren Sie zu den Gesundheitsbegeisterten? Dann sind Sie hier genau richtig.  Denn hier stellen wir Ihnen exotische Pflanzen vor und wie sie mit ihren gesunden Eigenschaften f\u00fcr Ihre Lust und Ihr Wohlbefinden sorgen kann.<\/p>\n\n\n\n<p><br>Wir freuen uns, Sie hier begr\u00fc\u00dfen zu d\u00fcrfen!<br><br>Eine k\u00f6stliche Unterhaltung w\u00fcnscht Ihr \u201eTropische Gen\u00fcsse\u201c-Team.<\/p>\n","protected":false},"excerpt":{"rendered":"<p>\u201eTropische Gen\u00fcsse\u201c ist der Name unseres Mini-Shops im S\u00fcdburgenland. Hier in den idyllischen Weinbergen des Eisenberges bieten wir auf zehn Quadratmetern Smoothies, Kaffee, Tee und Fr\u00fchst\u00fcck an. Beim Betreten des kleinen Gesch\u00e4ftes wird Ihnen auch klar, dass Sie hier bei einer K\u00fcnstlerin sind. Die Skulpturen und Bilder nehmen einen guten Teil de Raumes ein. Und [&hellip;]<\/p>\n","protected":false},"author":1,"featured_media":0,"parent":0,"menu_order":0,"comment_status":"closed","ping_status":"open","template":"","meta":{"footnotes":""},"class_list":["post-2","page","type-page","status-publish","hentry"],"_links":{"self":[{"href":"https:\/\/tropische-genuesse.at\/index.php?rest_route=\/wp\/v2\/pages\/2","targetHints":{"allow":["GET"]}}],"collection":[{"href":"https:\/\/tropische-genuesse.at\/index.php?rest_route=\/wp\/v2\/pages"}],"about":[{"href":"https:\/\/tropische-genuesse.at\/index.php?rest_route=\/wp\/v2\/types\/page"}],"author":[{"embeddable":true,"href":"https:\/\/tropische-genuesse.at\/index.php?rest_route=\/wp\/v2\/users\/1"}],"replies":[{"embeddable":true,"href":"https:\/\/tropische-genuesse.at\/index.php?rest_route=%2Fwp%2Fv2%2Fcomments&post=2"}],"version-history":[{"count":9,"href":"https:\/\/tropische-genuesse.at\/index.php?rest_route=\/wp\/v2\/pages\/2\/revisions"}],"predecessor-version":[{"id":110,"href":"https:\/\/tropische-genuesse.at\/index.php?rest_route=\/wp\/v2\/pages\/2\/revisions\/110"}],"wp:attachment":[{"href":"https:\/\/tropische-genuesse.at\/index.php?rest_route=%2Fwp%2Fv2%2Fmedia&parent=2"}],"curies":[{"name":"wp","href":"https:\/\/api.w.org\/{rel}","templated":true}]}}